{"id":2340,"date":"2023-10-03T09:46:13","date_gmt":"2023-10-03T07:46:13","guid":{"rendered":"https:\/\/eshop.ekoteplo.sk\/videa\/"},"modified":"2023-11-07T08:44:11","modified_gmt":"2023-11-07T07:44:11","slug":"videa","status":"publish","type":"page","link":"https:\/\/eshop.ekoteplo.sk\/cs\/videa\/","title":{"rendered":"Videa"},"content":{"rendered":"\n<div class=\"row\"  id=\"row-1030093304\">\n\n\n\t<div id=\"col-791220134\" class=\"col small-12 large-12\"  >\n\t\t\t\t<div class=\"col-inner\"  >\n\t\t\t\n\t\t\t\n\n<h2 style=\"text-align: center;\">Blog<\/h2>\n\t<div id=\"gap-467477555\" class=\"gap-element clearfix\" style=\"display:block; height:auto;\">\n\t\t\n<style>\n#gap-467477555 {\n  padding-top: 30px;\n}\n<\/style>\n\t<\/div>\n\t\n\n\n  \n    <div class=\"row large-columns-4 medium-columns-3 small-columns-2\" >\n  <div class=\"col post-item\" >\n\t\t\t<div class=\"col-inner\">\n\t\t\t\t<div class=\"box box-normal box-text-bottom box-blog-post has-hover\">\n            \t\t\t\t\t<div class=\"box-image\" >\n  \t\t\t\t\t\t<div class=\"image-cover\" style=\"padding-top:56.25%;\">\n\t\t\t\t\t\t\t<a href=\"https:\/\/eshop.ekoteplo.sk\/cs\/jak-tepelne-cerpadlo-funguje\/\" class=\"plain\" aria-label=\"JAK TEPELN\u00c9 \u010cERPADLO FUNGUJE\">\n\t\t\t\t\t\t\t\t<img decoding=\"async\" width=\"300\" height=\"147\" src=\"https:\/\/eshop.ekoteplo.sk\/wp-content\/uploads\/ako_funguje_tep_cerpadlo.jpg\" class=\"attachment-medium size-medium wp-post-image\" alt=\"\" srcset=\"https:\/\/eshop.ekoteplo.sk\/wp-content\/uploads\/ako_funguje_tep_cerpadlo.jpg 1962w, https:\/\/eshop.ekoteplo.sk\/wp-content\/uploads\/ako_funguje_tep_cerpadlo-247x121.jpg 247w\" sizes=\"(max-width: 300px) 100vw, 300px\" \/>\t\t\t\t\t\t\t<\/a>\n  \t\t\t\t\t\t\t  \t\t\t\t\t\t\t  \t\t\t\t\t\t<\/div>\n  \t\t\t\t\t\t  \t\t\t\t\t<\/div>\n          \t\t\t\t\t<div class=\"box-text text-center is-small\" >\n\t\t\t\t\t<div class=\"box-text-inner blog-post-inner\">\n\n\t\t\t\t\t\n\t\t\t\t\t\t\t\t\t\t<h5 class=\"post-title is-large \">\n\t\t\t\t\t\t<a href=\"https:\/\/eshop.ekoteplo.sk\/cs\/jak-tepelne-cerpadlo-funguje\/\" class=\"plain\">JAK TEPELN\u00c9 \u010cERPADLO FUNGUJE<\/a>\n\t\t\t\t\t<\/h5>\n\t\t\t\t\t\t\t\t\t\t<div class=\"is-divider\"><\/div>\n\t\t\t\t\t                    \n\t\t\t\t\t\n\t\t\t\t\t\n\t\t\t\t\t<\/div>\n\t\t\t\t\t<\/div>\n\t\t\t\t\t\t\t\t\t<\/div>\n\t\t\t<\/div>\n\t\t<\/div><div class=\"col post-item\" >\n\t\t\t<div class=\"col-inner\">\n\t\t\t\t<div class=\"box box-normal box-text-bottom box-blog-post has-hover\">\n            \t\t\t\t\t<div class=\"box-image\" >\n  \t\t\t\t\t\t<div class=\"image-cover\" style=\"padding-top:56.25%;\">\n\t\t\t\t\t\t\t<a href=\"https:\/\/eshop.ekoteplo.sk\/cs\/nekupujte-tepelne-cerpadlo-dokud-neuvidite-toto-video\/\" class=\"plain\" aria-label=\"Nekupujte tepeln\u00e9 \u010derpadlo, dokud neuvid\u00edte toto video\">\n\t\t\t\t\t\t\t\t<img decoding=\"async\" width=\"300\" height=\"212\" src=\"https:\/\/eshop.ekoteplo.sk\/wp-content\/uploads\/v-blog_24.jpg\" class=\"attachment-medium size-medium wp-post-image\" alt=\"\" srcset=\"https:\/\/eshop.ekoteplo.sk\/wp-content\/uploads\/v-blog_24.jpg 1024w, https:\/\/eshop.ekoteplo.sk\/wp-content\/uploads\/v-blog_24-247x175.jpg 247w\" sizes=\"(max-width: 300px) 100vw, 300px\" \/>\t\t\t\t\t\t\t<\/a>\n  \t\t\t\t\t\t\t  \t\t\t\t\t\t\t  \t\t\t\t\t\t<\/div>\n  \t\t\t\t\t\t  \t\t\t\t\t<\/div>\n          \t\t\t\t\t<div class=\"box-text text-center is-small\" >\n\t\t\t\t\t<div class=\"box-text-inner blog-post-inner\">\n\n\t\t\t\t\t\n\t\t\t\t\t\t\t\t\t\t<h5 class=\"post-title is-large \">\n\t\t\t\t\t\t<a href=\"https:\/\/eshop.ekoteplo.sk\/cs\/nekupujte-tepelne-cerpadlo-dokud-neuvidite-toto-video\/\" class=\"plain\">Nekupujte tepeln\u00e9 \u010derpadlo, dokud neuvid\u00edte toto video<\/a>\n\t\t\t\t\t<\/h5>\n\t\t\t\t\t\t\t\t\t\t<div class=\"is-divider\"><\/div>\n\t\t\t\t\t                    \n\t\t\t\t\t\n\t\t\t\t\t\n\t\t\t\t\t<\/div>\n\t\t\t\t\t<\/div>\n\t\t\t\t\t\t\t\t\t<\/div>\n\t\t\t<\/div>\n\t\t<\/div><div class=\"col post-item\" >\n\t\t\t<div class=\"col-inner\">\n\t\t\t\t<div class=\"box box-normal box-text-bottom box-blog-post has-hover\">\n            \t\t\t\t\t<div class=\"box-image\" >\n  \t\t\t\t\t\t<div class=\"image-cover\" style=\"padding-top:56.25%;\">\n\t\t\t\t\t\t\t<a href=\"https:\/\/eshop.ekoteplo.sk\/cs\/pri-vyberu-tepelneho-cerpadla-porovnavejte-mimo-jine-i-hladinu-akustickeho-vykonu\/\" class=\"plain\" aria-label=\"P\u0159i v\u00fdb\u011bru tepeln\u00e9ho \u010derpadla porovn\u00e1vejte mimo jin\u00e9 i hladinu akustick\u00e9ho v\u00fdkonu.\">\n\t\t\t\t\t\t\t\t<img decoding=\"async\" width=\"300\" height=\"200\" src=\"https:\/\/eshop.ekoteplo.sk\/wp-content\/uploads\/vyber-tepelneho-cerpadla-blog.jpg\" class=\"attachment-medium size-medium wp-post-image\" alt=\"\" srcset=\"https:\/\/eshop.ekoteplo.sk\/wp-content\/uploads\/vyber-tepelneho-cerpadla-blog.jpg 1500w, https:\/\/eshop.ekoteplo.sk\/wp-content\/uploads\/vyber-tepelneho-cerpadla-blog-247x165.jpg 247w\" sizes=\"(max-width: 300px) 100vw, 300px\" \/>\t\t\t\t\t\t\t<\/a>\n  \t\t\t\t\t\t\t  \t\t\t\t\t\t\t  \t\t\t\t\t\t<\/div>\n  \t\t\t\t\t\t  \t\t\t\t\t<\/div>\n          \t\t\t\t\t<div class=\"box-text text-center is-small\" >\n\t\t\t\t\t<div class=\"box-text-inner blog-post-inner\">\n\n\t\t\t\t\t\n\t\t\t\t\t\t\t\t\t\t<h5 class=\"post-title is-large \">\n\t\t\t\t\t\t<a href=\"https:\/\/eshop.ekoteplo.sk\/cs\/pri-vyberu-tepelneho-cerpadla-porovnavejte-mimo-jine-i-hladinu-akustickeho-vykonu\/\" class=\"plain\">P\u0159i v\u00fdb\u011bru tepeln\u00e9ho \u010derpadla porovn\u00e1vejte mimo jin\u00e9 i hladinu akustick\u00e9ho v\u00fdkonu.<\/a>\n\t\t\t\t\t<\/h5>\n\t\t\t\t\t\t\t\t\t\t<div class=\"is-divider\"><\/div>\n\t\t\t\t\t                    \n\t\t\t\t\t\n\t\t\t\t\t\n\t\t\t\t\t<\/div>\n\t\t\t\t\t<\/div>\n\t\t\t\t\t\t\t\t\t<\/div>\n\t\t\t<\/div>\n\t\t<\/div><div class=\"col post-item\" >\n\t\t\t<div class=\"col-inner\">\n\t\t\t\t<div class=\"box box-normal box-text-bottom box-blog-post has-hover\">\n            \t\t\t\t\t<div class=\"box-image\" >\n  \t\t\t\t\t\t<div class=\"image-cover\" style=\"padding-top:56.25%;\">\n\t\t\t\t\t\t\t<a href=\"https:\/\/eshop.ekoteplo.sk\/cs\/acond-nejtissi-tepelne-cerpadlo-na-slovenskem-trhu\/\" class=\"plain\" aria-label=\"Acond nejti\u0161\u0161\u00ed tepeln\u00e9 \u010derpadlo na slovensk\u00e9m trhu\">\n\t\t\t\t\t\t\t\t<img decoding=\"async\" width=\"300\" height=\"200\" src=\"https:\/\/eshop.ekoteplo.sk\/wp-content\/uploads\/najtichsie-tepelne-cerpadla-blog.jpg\" class=\"attachment-medium size-medium wp-post-image\" alt=\"\" srcset=\"https:\/\/eshop.ekoteplo.sk\/wp-content\/uploads\/najtichsie-tepelne-cerpadla-blog.jpg 1500w, https:\/\/eshop.ekoteplo.sk\/wp-content\/uploads\/najtichsie-tepelne-cerpadla-blog-247x165.jpg 247w\" sizes=\"(max-width: 300px) 100vw, 300px\" \/>\t\t\t\t\t\t\t<\/a>\n  \t\t\t\t\t\t\t  \t\t\t\t\t\t\t  \t\t\t\t\t\t<\/div>\n  \t\t\t\t\t\t  \t\t\t\t\t<\/div>\n          \t\t\t\t\t<div class=\"box-text text-center is-small\" >\n\t\t\t\t\t<div class=\"box-text-inner blog-post-inner\">\n\n\t\t\t\t\t\n\t\t\t\t\t\t\t\t\t\t<h5 class=\"post-title is-large \">\n\t\t\t\t\t\t<a href=\"https:\/\/eshop.ekoteplo.sk\/cs\/acond-nejtissi-tepelne-cerpadlo-na-slovenskem-trhu\/\" class=\"plain\">Acond nejti\u0161\u0161\u00ed tepeln\u00e9 \u010derpadlo na slovensk\u00e9m trhu<\/a>\n\t\t\t\t\t<\/h5>\n\t\t\t\t\t\t\t\t\t\t<div class=\"is-divider\"><\/div>\n\t\t\t\t\t                    \n\t\t\t\t\t\n\t\t\t\t\t\n\t\t\t\t\t<\/div>\n\t\t\t\t\t<\/div>\n\t\t\t\t\t\t\t\t\t<\/div>\n\t\t\t<\/div>\n\t\t<\/div><div class=\"col post-item\" >\n\t\t\t<div class=\"col-inner\">\n\t\t\t\t<div class=\"box box-normal box-text-bottom box-blog-post has-hover\">\n            \t\t\t\t\t<div class=\"box-image\" >\n  \t\t\t\t\t\t<div class=\"image-cover\" style=\"padding-top:56.25%;\">\n\t\t\t\t\t\t\t<a href=\"https:\/\/eshop.ekoteplo.sk\/cs\/umisteni-tepelneho-cerpadla-a-jeho-vliv-na-hluk\/\" class=\"plain\" aria-label=\"Um\u00edst\u011bn\u00ed tepeln\u00e9ho \u010derpadla a jeho vliv na hluk\">\n\t\t\t\t\t\t\t\t<img decoding=\"async\" width=\"300\" height=\"200\" src=\"https:\/\/eshop.ekoteplo.sk\/wp-content\/uploads\/hluk-blog.jpg\" class=\"attachment-medium size-medium wp-post-image\" alt=\"\" srcset=\"https:\/\/eshop.ekoteplo.sk\/wp-content\/uploads\/hluk-blog.jpg 1500w, https:\/\/eshop.ekoteplo.sk\/wp-content\/uploads\/hluk-blog-247x165.jpg 247w\" sizes=\"(max-width: 300px) 100vw, 300px\" \/>\t\t\t\t\t\t\t<\/a>\n  \t\t\t\t\t\t\t  \t\t\t\t\t\t\t  \t\t\t\t\t\t<\/div>\n  \t\t\t\t\t\t  \t\t\t\t\t<\/div>\n          \t\t\t\t\t<div class=\"box-text text-center is-small\" >\n\t\t\t\t\t<div class=\"box-text-inner blog-post-inner\">\n\n\t\t\t\t\t\n\t\t\t\t\t\t\t\t\t\t<h5 class=\"post-title is-large \">\n\t\t\t\t\t\t<a href=\"https:\/\/eshop.ekoteplo.sk\/cs\/umisteni-tepelneho-cerpadla-a-jeho-vliv-na-hluk\/\" class=\"plain\">Um\u00edst\u011bn\u00ed tepeln\u00e9ho \u010derpadla a jeho vliv na hluk<\/a>\n\t\t\t\t\t<\/h5>\n\t\t\t\t\t\t\t\t\t\t<div class=\"is-divider\"><\/div>\n\t\t\t\t\t                    \n\t\t\t\t\t\n\t\t\t\t\t\n\t\t\t\t\t<\/div>\n\t\t\t\t\t<\/div>\n\t\t\t\t\t\t\t\t\t<\/div>\n\t\t\t<\/div>\n\t\t<\/div><div class=\"col post-item\" >\n\t\t\t<div class=\"col-inner\">\n\t\t\t\t<div class=\"box box-normal box-text-bottom box-blog-post has-hover\">\n            \t\t\t\t\t<div class=\"box-image\" >\n  \t\t\t\t\t\t<div class=\"image-cover\" style=\"padding-top:56.25%;\">\n\t\t\t\t\t\t\t<a href=\"https:\/\/eshop.ekoteplo.sk\/cs\/ucinnost-tepelneho-cerpadla-cop-a-scop-nejsou-vsechno\/\" class=\"plain\" aria-label=\"\u00da\u010dinnost tepeln\u00e9ho \u010derpadla &#8211; COP a SCOP nejsou v\u0161echno\">\n\t\t\t\t\t\t\t\t<img decoding=\"async\" width=\"300\" height=\"200\" src=\"https:\/\/eshop.ekoteplo.sk\/wp-content\/uploads\/horvat-logo-blog.jpg\" class=\"attachment-medium size-medium wp-post-image\" alt=\"\" srcset=\"https:\/\/eshop.ekoteplo.sk\/wp-content\/uploads\/horvat-logo-blog.jpg 1500w, https:\/\/eshop.ekoteplo.sk\/wp-content\/uploads\/horvat-logo-blog-247x165.jpg 247w\" sizes=\"(max-width: 300px) 100vw, 300px\" \/>\t\t\t\t\t\t\t<\/a>\n  \t\t\t\t\t\t\t  \t\t\t\t\t\t\t  \t\t\t\t\t\t<\/div>\n  \t\t\t\t\t\t  \t\t\t\t\t<\/div>\n          \t\t\t\t\t<div class=\"box-text text-center is-small\" >\n\t\t\t\t\t<div class=\"box-text-inner blog-post-inner\">\n\n\t\t\t\t\t\n\t\t\t\t\t\t\t\t\t\t<h5 class=\"post-title is-large \">\n\t\t\t\t\t\t<a href=\"https:\/\/eshop.ekoteplo.sk\/cs\/ucinnost-tepelneho-cerpadla-cop-a-scop-nejsou-vsechno\/\" class=\"plain\">\u00da\u010dinnost tepeln\u00e9ho \u010derpadla &#8211; COP a SCOP nejsou v\u0161echno<\/a>\n\t\t\t\t\t<\/h5>\n\t\t\t\t\t\t\t\t\t\t<div class=\"is-divider\"><\/div>\n\t\t\t\t\t                    \n\t\t\t\t\t\n\t\t\t\t\t\n\t\t\t\t\t<\/div>\n\t\t\t\t\t<\/div>\n\t\t\t\t\t\t\t\t\t<\/div>\n\t\t\t<\/div>\n\t\t<\/div><\/div>\n\n\n\t\t<\/div>\n\t\t\t\t\t<\/div>\n\n\t\n\n\n<style>\n#row-1030093304 > .col > .col-inner {\n  padding: 10px 10px 10px 10px;\n}\n@media (min-width:550px) {\n  #row-1030093304 > .col > .col-inner {\n    padding: 30px 10px 10px 10px;\n  }\n}\n<\/style>\n<\/div>\n\n","protected":false},"excerpt":{"rendered":"","protected":false},"author":1,"featured_media":0,"parent":0,"menu_order":0,"comment_status":"closed","ping_status":"closed","template":"","meta":{"_acf_changed":false,"footnotes":""},"class_list":["post-2340","page","type-page","status-publish","hentry"],"acf":[],"yoast_head":"<!-- This site is optimized with the Yoast SEO plugin v27.3 - https:\/\/yoast.com\/product\/yoast-seo-wordpress\/ -->\n<title>Videa - Eshop Ekoteplo<\/title>\n<meta name=\"robots\" content=\"index, follow, max-snippet:-1, max-image-preview:large, max-video-preview:-1\" \/>\n<link rel=\"canonical\" href=\"https:\/\/eshop.ekoteplo.sk\/cs\/videa\/\" \/>\n<meta property=\"og:locale\" content=\"cs_CZ\" \/>\n<meta property=\"og:type\" content=\"article\" \/>\n<meta property=\"og:title\" content=\"Videa - Eshop Ekoteplo\" \/>\n<meta property=\"og:url\" content=\"https:\/\/eshop.ekoteplo.sk\/cs\/videa\/\" \/>\n<meta property=\"og:site_name\" content=\"Eshop Ekoteplo\" \/>\n<meta property=\"article:modified_time\" content=\"2023-11-07T07:44:11+00:00\" \/>\n<meta name=\"twitter:card\" content=\"summary_large_image\" \/>\n<script type=\"application\/ld+json\" class=\"yoast-schema-graph\">{\"@context\":\"https:\\\/\\\/schema.org\",\"@graph\":[{\"@type\":\"WebPage\",\"@id\":\"https:\\\/\\\/eshop.ekoteplo.sk\\\/cs\\\/videa\\\/\",\"url\":\"https:\\\/\\\/eshop.ekoteplo.sk\\\/cs\\\/videa\\\/\",\"name\":\"Videa - Eshop Ekoteplo\",\"isPartOf\":{\"@id\":\"https:\\\/\\\/eshop.ekoteplo.sk\\\/cs\\\/#website\"},\"datePublished\":\"2023-10-03T07:46:13+00:00\",\"dateModified\":\"2023-11-07T07:44:11+00:00\",\"breadcrumb\":{\"@id\":\"https:\\\/\\\/eshop.ekoteplo.sk\\\/cs\\\/videa\\\/#breadcrumb\"},\"inLanguage\":\"cs\",\"potentialAction\":[{\"@type\":\"ReadAction\",\"target\":[\"https:\\\/\\\/eshop.ekoteplo.sk\\\/cs\\\/videa\\\/\"]}]},{\"@type\":\"BreadcrumbList\",\"@id\":\"https:\\\/\\\/eshop.ekoteplo.sk\\\/cs\\\/videa\\\/#breadcrumb\",\"itemListElement\":[{\"@type\":\"ListItem\",\"position\":1,\"name\":\"Home\",\"item\":\"https:\\\/\\\/eshop.ekoteplo.sk\\\/cs\\\/\"},{\"@type\":\"ListItem\",\"position\":2,\"name\":\"Videa\"}]},{\"@type\":\"WebSite\",\"@id\":\"https:\\\/\\\/eshop.ekoteplo.sk\\\/cs\\\/#website\",\"url\":\"https:\\\/\\\/eshop.ekoteplo.sk\\\/cs\\\/\",\"name\":\"Eshop Ekoteplo\",\"description\":\"Teplo, ktor\u00e9 \u0161etr\u00ed \u017eivotn\u00e9 prostredie aj va\u0161u pe\u0148a\u017eenku\",\"potentialAction\":[{\"@type\":\"SearchAction\",\"target\":{\"@type\":\"EntryPoint\",\"urlTemplate\":\"https:\\\/\\\/eshop.ekoteplo.sk\\\/cs\\\/?s={search_term_string}\"},\"query-input\":{\"@type\":\"PropertyValueSpecification\",\"valueRequired\":true,\"valueName\":\"search_term_string\"}}],\"inLanguage\":\"cs\"}]}<\/script>\n<!-- \/ Yoast SEO plugin. -->","yoast_head_json":{"title":"Videa - Eshop Ekoteplo","robots":{"index":"index","follow":"follow","max-snippet":"max-snippet:-1","max-image-preview":"max-image-preview:large","max-video-preview":"max-video-preview:-1"},"canonical":"https:\/\/eshop.ekoteplo.sk\/cs\/videa\/","og_locale":"cs_CZ","og_type":"article","og_title":"Videa - Eshop Ekoteplo","og_url":"https:\/\/eshop.ekoteplo.sk\/cs\/videa\/","og_site_name":"Eshop Ekoteplo","article_modified_time":"2023-11-07T07:44:11+00:00","twitter_card":"summary_large_image","schema":{"@context":"https:\/\/schema.org","@graph":[{"@type":"WebPage","@id":"https:\/\/eshop.ekoteplo.sk\/cs\/videa\/","url":"https:\/\/eshop.ekoteplo.sk\/cs\/videa\/","name":"Videa - Eshop Ekoteplo","isPartOf":{"@id":"https:\/\/eshop.ekoteplo.sk\/cs\/#website"},"datePublished":"2023-10-03T07:46:13+00:00","dateModified":"2023-11-07T07:44:11+00:00","breadcrumb":{"@id":"https:\/\/eshop.ekoteplo.sk\/cs\/videa\/#breadcrumb"},"inLanguage":"cs","potentialAction":[{"@type":"ReadAction","target":["https:\/\/eshop.ekoteplo.sk\/cs\/videa\/"]}]},{"@type":"BreadcrumbList","@id":"https:\/\/eshop.ekoteplo.sk\/cs\/videa\/#breadcrumb","itemListElement":[{"@type":"ListItem","position":1,"name":"Home","item":"https:\/\/eshop.ekoteplo.sk\/cs\/"},{"@type":"ListItem","position":2,"name":"Videa"}]},{"@type":"WebSite","@id":"https:\/\/eshop.ekoteplo.sk\/cs\/#website","url":"https:\/\/eshop.ekoteplo.sk\/cs\/","name":"Eshop Ekoteplo","description":"Teplo, ktor\u00e9 \u0161etr\u00ed \u017eivotn\u00e9 prostredie aj va\u0161u pe\u0148a\u017eenku","potentialAction":[{"@type":"SearchAction","target":{"@type":"EntryPoint","urlTemplate":"https:\/\/eshop.ekoteplo.sk\/cs\/?s={search_term_string}"},"query-input":{"@type":"PropertyValueSpecification","valueRequired":true,"valueName":"search_term_string"}}],"inLanguage":"cs"}]}},"_links":{"self":[{"href":"https:\/\/eshop.ekoteplo.sk\/cs\/wp-json\/wp\/v2\/pages\/2340","targetHints":{"allow":["GET"]}}],"collection":[{"href":"https:\/\/eshop.ekoteplo.sk\/cs\/wp-json\/wp\/v2\/pages"}],"about":[{"href":"https:\/\/eshop.ekoteplo.sk\/cs\/wp-json\/wp\/v2\/types\/page"}],"author":[{"embeddable":true,"href":"https:\/\/eshop.ekoteplo.sk\/cs\/wp-json\/wp\/v2\/users\/1"}],"replies":[{"embeddable":true,"href":"https:\/\/eshop.ekoteplo.sk\/cs\/wp-json\/wp\/v2\/comments?post=2340"}],"version-history":[{"count":0,"href":"https:\/\/eshop.ekoteplo.sk\/cs\/wp-json\/wp\/v2\/pages\/2340\/revisions"}],"wp:attachment":[{"href":"https:\/\/eshop.ekoteplo.sk\/cs\/wp-json\/wp\/v2\/media?parent=2340"}],"curies":[{"name":"wp","href":"https:\/\/api.w.org\/{rel}","templated":true}]}}