{"id":2382,"date":"2018-04-22T09:48:14","date_gmt":"2018-04-22T07:48:14","guid":{"rendered":"https:\/\/eshop.ekoteplo.sk\/postup-pro-podavani-stiznosti\/"},"modified":"2023-11-14T14:18:50","modified_gmt":"2023-11-14T13:18:50","slug":"reklamacni-rad","status":"publish","type":"page","link":"https:\/\/eshop.ekoteplo.sk\/cs\/reklamacni-rad\/","title":{"rendered":"Reklama\u010dn\u00ed \u0159\u00e1d"},"content":{"rendered":"\n<div class=\"row\"  id=\"row-1984190240\">\n\n\n\t<div id=\"col-332589856\" class=\"col small-12 large-12\"  >\n\t\t\t\t<div class=\"col-inner\"  >\n\t\t\t\n\t\t\t\n\n<h3 style=\"text-align: center;\"><strong>Postup pro pod\u00e1v\u00e1n\u00ed st\u00ed\u017enost\u00ed<br><\/strong><strong> internetov\u00e9ho obchodu eshop.ekoteplo.sk <\/strong> <\/h3>\n<p> <\/p>\n<p>Obchodn\u00ed spole\u010dnost HORV\u00c1T servis, s. r. o. B\u00e1novsk\u00e1 cesta 11 010 01 01 \u017dilina I\u010cO: 47644273 (d\u00e1le jen &#8222;prod\u00e1vaj\u00edc\u00ed&#8220;) vyd\u00e1v\u00e1 v souladu s ustanoven\u00edm z\u00e1kona \u010d. 89\/2012 Sb. 40\/1964 Sb. Ob\u010dansk\u00fd z\u00e1kon\u00edk, z\u00e1kon \u010d. 250\/2007 Sb. o ochran\u011b spot\u0159ebitele a z\u00e1kona \u010d. 102\/2014 Sb. o ochran\u011b spot\u0159ebitele p\u0159i prodeji zbo\u017e\u00ed nebo poskytov\u00e1n\u00ed slu\u017eeb na z\u00e1klad\u011b smlouvy uzav\u0159en\u00e9 na d\u00e1lku nebo smlouvy uzav\u0159en\u00e9 mimo provozovnu prod\u00e1vaj\u00edc\u00edho a o zm\u011bn\u011b a dopln\u011bn\u00ed n\u011bkter\u00fdch z\u00e1kon\u016f tento Reklama\u010dn\u00ed \u0159\u00e1d internetov\u00e9ho obchodu<strong>eshop.ekoteplo.sk<\/strong> (d\u00e1le jen &#8222;Reklama\u010dn\u00ed \u0159\u00e1d&#8220;).<\/p>\n<h4 style=\"text-align: center;\"><strong>\u010cl. I<br><\/strong><strong>Definice n\u011bkter\u00fdch pojm\u016f<\/strong><\/h4>\n<p><strong>Obchod<\/strong>: internetov\u00fd obchod Prod\u00e1vaj\u00edc\u00edho um\u00edst\u011bn\u00fd na webov\u00e9 str\u00e1nce <strong>eshop.ekoteplo.sk<br><\/strong><strong>Produkt <\/strong>nebo<strong> produkty:<\/strong> produkt nebo v\u00edce produkt\u016f k prodeji uveden\u00fdch v nab\u00eddce Prod\u00e1vaj\u00edc\u00edho v Obchod\u011b.<br><strong>Kupuj\u00edc\u00ed<\/strong>: spot\u0159ebitel nebo podnikatel, kter\u00fd nakupuje v Obchod\u011b.<br><strong>Spot\u0159ebitel<\/strong>: fyzick\u00e1 osoba, kter\u00e1 p\u0159i uzav\u00edr\u00e1n\u00ed a pln\u011bn\u00ed spot\u0159ebitelsk\u00e9 smlouvy nejedn\u00e1 v r\u00e1mci sv\u00e9 obchodn\u00ed nebo jin\u00e9 podnikatelsk\u00e9 \u010dinnosti.<br><strong>Podnikatel:<\/strong> kupuj\u00edc\u00ed &#8211; fyzick\u00e1 nebo pr\u00e1vnick\u00e1 osoba, kter\u00e1 uzav\u00edr\u00e1 smlouvu s prod\u00e1vaj\u00edc\u00edm v souvislosti s v\u00fdkonem sv\u00e9 podnikatelsk\u00e9 \u010dinnosti, p\u0159i\u010dem\u017e tento nen\u00ed spot\u0159ebitelem ve smyslu z\u00e1kona \u010d. 634\/1992 Sb., o ochran\u011b spot\u0159ebitele. 250\/2007 Sb. o ochran\u011b spot\u0159ebitele, ve zn\u011bn\u00ed pozd\u011bj\u0161\u00edch p\u0159edpis\u016f  <br><strong>Kupn\u00ed smlouva:<\/strong> smlouva o koupi a prodeji v\u00fdrobku mezi prod\u00e1vaj\u00edc\u00edm a kupuj\u00edc\u00edm.<\/p>\n<h4 style=\"text-align: center;\"><strong>\u010cl. II<br><\/strong><strong>\u00davodn\u00ed ustanoven\u00ed<\/strong><\/h4>\n<ol>\n<li>Tento reklama\u010dn\u00ed \u0159\u00e1d se vztahuje na kupn\u00ed smlouvu uzav\u0159enou mezi prod\u00e1vaj\u00edc\u00edm a kupuj\u00edc\u00edm &#8211; spot\u0159ebitelem uzav\u0159enou distan\u010dn\u00edm zp\u016fsobem na z\u00e1klad\u011b elektronick\u00e9 objedn\u00e1vky a jej\u00ed akceptace za podm\u00ednek uveden\u00fdch ve V\u0161eobecn\u00fdch obchodn\u00edch podm\u00ednk\u00e1ch obchodu (d\u00e1le jen &#8222;VOP&#8220;), kter\u00e9 jsou k dispozici zde:<\/li>\n<li>Tento reklama\u010dn\u00ed \u0159\u00e1d je sou\u010d\u00e1st\u00ed VOP.<\/li>\n<li>Pokud je kupuj\u00edc\u00edm podnikatel, resp. osoba, kter\u00e1 nen\u00ed spot\u0159ebitelem ve smyslu \u010dl. \u00a7 2 p\u00edsm. (a) z\u00e1kona \u010d. 250\/2007 Sb. o ochran\u011b spot\u0159ebitele, ve zn\u011bn\u00ed pozd\u011bj\u0161\u00edch p\u0159edpis\u016f, se odpov\u011bdnost prod\u00e1vaj\u00edc\u00edho za vady \u0159\u00edd\u00ed v\u00fdhradn\u011b p\u0159\u00edslu\u0161n\u00fdmi ustanoven\u00edmi z\u00e1kona \u010d. 634\/1992 Sb. 513\/1991 Sb. Obchodn\u00ed z\u00e1kon\u00edk, ve zn\u011bn\u00ed pozd\u011bj\u0161\u00edch p\u0159edpis\u016f. Prod\u00e1vaj\u00edc\u00ed poskytuje kupuj\u00edc\u00edmu &#8211; podnikateli z\u00e1ruku za jakost v\u00fdrobku po dobu 24 m\u011bs\u00edc\u016f ode dne p\u0159evzet\u00ed v\u00fdrobku kupuj\u00edc\u00edm, p\u0159i\u010dem\u017e pro ur\u010den\u00ed data p\u0159evzet\u00ed v\u00fdrobku se pou\u017eije \u010dl. III odst. 2 tohoto reklama\u010dn\u00edho \u0159\u00e1du.<\/li>\n<\/ol>\n<h4 style=\"text-align: center;\"><strong> <\/strong><strong>\u010cl\u00e1nek III<br><\/strong><strong>Z\u00e1ruka<\/strong><\/h4>\n<ol>\n<li>D\u00e9lka z\u00e1ru\u010dn\u00ed doby je 24 m\u011bs\u00edc\u016f a za\u010d\u00edn\u00e1 b\u011b\u017eet dnem p\u0159evzet\u00ed zbo\u017e\u00ed spot\u0159ebitelem v prodejn\u011b. Pokud je v\u00fdrobek doru\u010den kur\u00fdrn\u00ed spole\u010dnost\u00ed nebo Slovenskou po\u0161tou, za\u010d\u00edn\u00e1 z\u00e1ru\u010dn\u00ed doba b\u011b\u017eet ode dne p\u0159evzet\u00ed v\u00fdrobku od kur\u00fdra nebo po\u0161tovn\u00edho doru\u010dovatele.<\/li>\n<li>Z\u00e1ru\u010dn\u00ed doba se prodlu\u017euje o dobu, po kterou byl v\u00fdrobek v reklamaci.<\/li>\n<li>Opot\u0159eben\u00ed charakteristick\u00e9 pro materi\u00e1l nebo zp\u016fsob pou\u017eit\u00ed se nepova\u017euje za vadu. Nen\u00ed vadou, pokud z povahy v\u00fdrobku vypl\u00fdv\u00e1, \u017ee jeho \u017eivotnost je krat\u0161\u00ed ne\u017e z\u00e1ru\u010dn\u00ed doba.<\/li>\n<\/ol>\n<h4 style=\"text-align: center;\"><strong>\u010cl. IV<br><\/strong><strong>Odpov\u011bdnost prod\u00e1vaj\u00edc\u00edho za vady<\/strong><\/h4>\n<ol>\n<li>Spot\u0159ebitel je povinen z\u00e1silku zkontrolovat, t. j. v\u00fdrobek a jeho obal ihned po dod\u00e1n\u00ed. Zjist\u00ed-li kupuj\u00edc\u00ed, \u017ee obal v\u00fdrobku je mechanicky po\u0161kozen, je povinen to ozn\u00e1mit osob\u011b, od kter\u00e9 v\u00fdrobek p\u0159eb\u00edr\u00e1, a v jej\u00ed p\u0159\u00edtomnosti zkontrolovat stav v\u00fdrobku. Spot\u0159ebitel nen\u00ed povinen p\u0159evz\u00edt z\u00e1silku s po\u0161kozen\u00fdm obalem.<\/li>\n<li>Spot\u0159ebitel je povinen ihned po p\u0159evzet\u00ed z\u00e1silky, kter\u00e1 nevykazuje mechanick\u00e9 po\u0161kozen\u00ed, zkontrolovat v\u00fdrobek obsa\u017een\u00fd v obalu. Zjist\u00ed-li spot\u0159ebitel, \u017ee v\u00fdrobek je vadn\u00fd nebo po\u0161kozen\u00fd, nebo \u017ee mu byl dod\u00e1n v rozporu s uzav\u0159enou kupn\u00ed smlouvou (nap\u0159. jin\u00e1 velikost, jin\u00fd typ v\u00fdrobku apod.), je povinen to bez zbyte\u010dn\u00e9ho odkladu ozn\u00e1mit prod\u00e1vaj\u00edc\u00edmu.<\/li>\n<li>P\u0159ed prvn\u00edm pou\u017eit\u00edm je spot\u0159ebitel povinen p\u0159e\u010d\u00edst si n\u00e1vod k pou\u017eit\u00ed, pokyny k \u00fadr\u017eb\u011b a dal\u0161\u00ed pr\u016fvodn\u00ed dokumentaci, kterou obdr\u017eel spolu s v\u00fdrobkem.<\/li>\n<li>Prod\u00e1vaj\u00edc\u00ed neodpov\u00edd\u00e1 za vady v\u00fdrobku zp\u016fsoben\u00e9 nespr\u00e1vn\u00fdm pou\u017e\u00edv\u00e1n\u00edm, neodbornou \u00fadr\u017ebou, neodborn\u00fdm z\u00e1sahem, mechanick\u00fdm po\u0161kozen\u00edm v\u00fdrobku zp\u016fsoben\u00fdm spot\u0159ebitelem nebo t\u0159et\u00ed osobou nebo za opot\u0159eben\u00ed zp\u016fsoben\u00e9 b\u011b\u017en\u00fdm pou\u017e\u00edv\u00e1n\u00edm zbo\u017e\u00ed.<\/li>\n<\/ol>\n<h4 style=\"text-align: center;\"><strong>\u010cl. V<br><\/strong><strong>Pod\u00e1n\u00ed \u017e\u00e1dosti<\/strong><\/h4>\n<ol>\n<li>Spot\u0159ebitel m\u016f\u017ee podat \u017e\u00e1dost pomoc\u00ed elektronick\u00e9ho formul\u00e1\u0159e &#8211; st\u00e1hn\u011bte si elektronick\u00fd formul\u00e1\u0159 pro odstoupen\u00ed od smlouvy.<\/li>\n<li>Spot\u0159ebitel m\u016f\u017ee reklamovan\u00fd v\u00fdrobek zaslat prod\u00e1vaj\u00edc\u00edmu po\u0161tou, kur\u00fdrem nebo jej p\u0159in\u00e9st osobn\u011b spolu s kopi\u00ed da\u0148ov\u00e9ho dokladu, kter\u00fd byl dod\u00e1n spolu s v\u00fdrobkem. Prod\u00e1vaj\u00edc\u00ed si vyhrazuje pr\u00e1vo nep\u0159ijmout v\u00fdrobek zaslan\u00fd na dob\u00edrku.<\/li>\n<li>V p\u0159\u00edpad\u011b osobn\u00ed reklamace v\u00fdrobku vystav\u00ed prod\u00e1vaj\u00edc\u00ed kupuj\u00edc\u00edmu potvrzen\u00ed o p\u0159ijet\u00ed reklamace. Prod\u00e1vaj\u00edc\u00ed je povinen vydat spot\u0159ebiteli p\u00edsemn\u00e9 potvrzen\u00ed o reklama\u010dn\u00edm listu o tom, kdy spot\u0159ebitel reklamaci uplatnil, co je jej\u00edm obsahem a jak\u00fd zp\u016fsob vy\u0159\u00edzen\u00ed reklamace spot\u0159ebitel po\u017eaduje.<\/li>\n<\/ol>\n<h4 style=\"text-align: center;\"><strong>\u010cl. VI<br><\/strong><strong>Vy\u0159izov\u00e1n\u00ed st\u00ed\u017enost\u00ed<\/strong><\/h4>\n<ol>\n<li>Jedn\u00e1-li se o vadu, kterou lze odstranit, m\u00e1 spot\u0159ebitel pr\u00e1vo na v\u010dasn\u00e9, \u0159\u00e1dn\u00e9 a bezplatn\u00e9 odstran\u011bn\u00ed vady. Spot\u0159ebitel m\u016f\u017ee nam\u00edsto odstran\u011bn\u00ed vady po\u017eadovat v\u00fdm\u011bnu v\u00fdrobku nebo, pokud se vada t\u00fdk\u00e1 pouze sou\u010d\u00e1sti v\u00fdrobku, v\u00fdm\u011bnu t\u00e9to sou\u010d\u00e1sti, pokud t\u00edm prod\u00e1vaj\u00edc\u00edmu nevzniknou nep\u0159im\u011b\u0159en\u00e9 n\u00e1klady vzhledem k cen\u011b v\u00fdrobku nebo z\u00e1va\u017enosti vady.<\/li>\n<li>Prod\u00e1vaj\u00edc\u00ed m\u016f\u017ee v\u017edy m\u00edsto odstran\u011bn\u00ed vady vym\u011bnit vadnou v\u011bc za bezvadnou, pokud to kupuj\u00edc\u00edmu nezp\u016fsob\u00ed v\u00e1\u017en\u00e9 obt\u00ed\u017ee.<\/li>\n<li>Vyskytne-li se vada, kterou nelze odstranit a kter\u00e1 br\u00e1n\u00ed \u0159\u00e1dn\u00e9mu u\u017e\u00edv\u00e1n\u00ed v\u00fdrobku jako v\u011bci bez vady, m\u00e1 spot\u0159ebitel pr\u00e1vo na v\u00fdm\u011bnu v\u00fdrobku nebo na odstoupen\u00ed od smlouvy. Stejn\u00e1 pr\u00e1va m\u00e1 spot\u0159ebitel i v p\u0159\u00edpad\u011b, \u017ee vady lze odstranit, ale spot\u0159ebitel nem\u016f\u017ee zbo\u017e\u00ed \u0159\u00e1dn\u011b u\u017e\u00edvat z d\u016fvodu opakovan\u00e9ho v\u00fdskytu vady po oprav\u011b nebo z d\u016fvodu v\u011bt\u0161\u00edho po\u010dtu vad.<\/li>\n<li>Pokud je vada neodstraniteln\u00e1 a nebr\u00e1n\u00ed \u0159\u00e1dn\u00e9mu u\u017e\u00edv\u00e1n\u00ed v\u00fdrobku, m\u00e1 spot\u0159ebitel n\u00e1rok na p\u0159im\u011b\u0159enou slevu z kupn\u00ed ceny.<\/li>\n<li>Na z\u00e1klad\u011b rozhodnut\u00ed spot\u0159ebitele o preferovan\u00e9m zp\u016fsobu vy\u0159\u00edzen\u00ed reklamace je prod\u00e1vaj\u00edc\u00ed povinen ur\u010dit zp\u016fsob vy\u0159\u00edzen\u00ed reklamace v n\u00e1sleduj\u00edc\u00edch lh\u016ft\u00e1ch:<\/li>\n<li>Okam\u017eit\u011b,<\/li>\n<li>ve slo\u017eit\u00fdch p\u0159\u00edpadech do 3 pracovn\u00edch dn\u016f ode dne pod\u00e1n\u00ed st\u00ed\u017enosti,<\/li>\n<li>v od\u016fvodn\u011bn\u00fdch p\u0159\u00edpadech, zejm\u00e9na pokud je vy\u017eadov\u00e1no komplexn\u00ed technick\u00e9 posouzen\u00ed stavu v\u00fdrobku, do 30 dn\u016f od data reklamace.<\/li>\n<li>Reklamace v\u010detn\u011b odstran\u011bn\u00ed vady mus\u00ed b\u00fdt vy\u0159\u00edzena bez zbyte\u010dn\u00e9ho odkladu, nejpozd\u011bji do 30 kalend\u00e1\u0159n\u00edch dn\u016f ode dne jej\u00edho uplatn\u011bn\u00ed.<\/li>\n<li>Po uplynut\u00ed reklama\u010dn\u00ed lh\u016fty m\u00e1 spot\u0159ebitel pr\u00e1vo odstoupit od smlouvy nebo m\u00e1 pr\u00e1vo na v\u00fdm\u011bnu v\u00fdrobku za nov\u00fd v\u00fdrobek.<\/li>\n<li>Prod\u00e1vaj\u00edc\u00ed je povinen vydat spot\u0159ebiteli p\u00edsemn\u00e9 potvrzen\u00ed o datu a zp\u016fsobu vy\u0159\u00edzen\u00ed reklamace, v\u010detn\u011b potvrzen\u00ed o proveden\u00ed opravy a dob\u011b jej\u00edho trv\u00e1n\u00ed, p\u0159\u00edpadn\u011b p\u00edsemn\u00e9 od\u016fvodn\u011bn\u00ed zam\u00edtnut\u00ed reklamace.<\/li>\n<li>Pr\u00e1va z odpov\u011bdnosti za vady zanikaj\u00ed, pokud nebyla uplatn\u011bna v z\u00e1ru\u010dn\u00ed dob\u011b.<\/li>\n<\/ol>\n<h4 style=\"text-align: center;\"><strong>\u010cl. VII<br><\/strong><strong>Zvl\u00e1\u0161tn\u00ed ustanoven\u00ed o vy\u0159izov\u00e1n\u00ed st\u00ed\u017enost\u00ed, pokud je kupuj\u00edc\u00ed podnikatelem<\/strong><\/h4>\n<ol>\n<li>Pokud je kupuj\u00edc\u00edm podnikatel, resp. osoba, kter\u00e1 nen\u00ed spot\u0159ebitelem ve smyslu \u010dl. \u00a7 2 p\u00edsm. (a) z\u00e1kona \u010d. 250\/2007 Sb. o ochran\u011b spot\u0159ebitele, ve zn\u011bn\u00ed pozd\u011bj\u0161\u00edch p\u0159edpis\u016f, se odpov\u011bdnost prod\u00e1vaj\u00edc\u00edho za vady \u0159\u00edd\u00ed p\u0159\u00edslu\u0161n\u00fdmi ustanoven\u00edmi z\u00e1kona \u010d. 89\/2012 Sb. 513\/1991 Sb. Obchodn\u00ed z\u00e1kon\u00edk, ve zn\u011bn\u00ed pozd\u011bj\u0161\u00edch p\u0159edpis\u016f.<\/li>\n<li>Prod\u00e1vaj\u00edc\u00ed rozhodne o reklamaci kupuj\u00edc\u00edho &#8211; podnikatele do 30 dn\u016f ode dne jej\u00edho uplatn\u011bn\u00ed.<\/li>\n<\/ol>\n<p style=\"text-align: center;\"><a href=\"https:\/\/eshop.ekoteplo.sk\/wp-content\/uploads\/Oznamenie-o-odstupeni-od-zmluvy_formular-1.pdf\">Ozn\u00e1men\u00ed o odstoupen\u00ed od smlouvy<\/a><\/p>\n<p> <\/p>\n\n\t\t<\/div>\n\t\t\t\t\t<\/div>\n\n\t\n\n\n<style>\n#row-1984190240 > .col > .col-inner {\n  padding: 30px 0px 0px 0px;\n}\n<\/style>\n<\/div>\n\n","protected":false},"excerpt":{"rendered":"","protected":false},"author":1,"featured_media":0,"parent":0,"menu_order":0,"comment_status":"closed","ping_status":"closed","template":"","meta":{"_acf_changed":false,"footnotes":""},"class_list":["post-2382","page","type-page","status-publish","hentry"],"acf":[],"yoast_head":"<!-- This site is optimized with the Yoast SEO plugin v27.3 - https:\/\/yoast.com\/product\/yoast-seo-wordpress\/ -->\n<title>Reklama\u010dn\u00ed \u0159\u00e1d - Eshop Ekoteplo<\/title>\n<meta name=\"robots\" content=\"index, follow, max-snippet:-1, max-image-preview:large, max-video-preview:-1\" \/>\n<link rel=\"canonical\" href=\"https:\/\/eshop.ekoteplo.sk\/cs\/reklamacni-rad\/\" \/>\n<meta property=\"og:locale\" content=\"cs_CZ\" \/>\n<meta property=\"og:type\" content=\"article\" \/>\n<meta property=\"og:title\" content=\"Reklama\u010dn\u00ed \u0159\u00e1d - Eshop Ekoteplo\" \/>\n<meta property=\"og:url\" content=\"https:\/\/eshop.ekoteplo.sk\/cs\/reklamacni-rad\/\" \/>\n<meta property=\"og:site_name\" content=\"Eshop Ekoteplo\" \/>\n<meta property=\"article:modified_time\" content=\"2023-11-14T13:18:50+00:00\" \/>\n<meta name=\"twitter:card\" content=\"summary_large_image\" \/>\n<meta name=\"twitter:label1\" content=\"Odhadovan\u00e1 doba \u010dten\u00ed\" \/>\n\t<meta name=\"twitter:data1\" content=\"7 minut\" \/>\n<script type=\"application\/ld+json\" class=\"yoast-schema-graph\">{\"@context\":\"https:\\\/\\\/schema.org\",\"@graph\":[{\"@type\":\"WebPage\",\"@id\":\"https:\\\/\\\/eshop.ekoteplo.sk\\\/cs\\\/reklamacni-rad\\\/\",\"url\":\"https:\\\/\\\/eshop.ekoteplo.sk\\\/cs\\\/reklamacni-rad\\\/\",\"name\":\"Reklama\u010dn\u00ed \u0159\u00e1d - Eshop Ekoteplo\",\"isPartOf\":{\"@id\":\"https:\\\/\\\/eshop.ekoteplo.sk\\\/cs\\\/#website\"},\"datePublished\":\"2018-04-22T07:48:14+00:00\",\"dateModified\":\"2023-11-14T13:18:50+00:00\",\"breadcrumb\":{\"@id\":\"https:\\\/\\\/eshop.ekoteplo.sk\\\/cs\\\/reklamacni-rad\\\/#breadcrumb\"},\"inLanguage\":\"cs\",\"potentialAction\":[{\"@type\":\"ReadAction\",\"target\":[\"https:\\\/\\\/eshop.ekoteplo.sk\\\/cs\\\/reklamacni-rad\\\/\"]}]},{\"@type\":\"BreadcrumbList\",\"@id\":\"https:\\\/\\\/eshop.ekoteplo.sk\\\/cs\\\/reklamacni-rad\\\/#breadcrumb\",\"itemListElement\":[{\"@type\":\"ListItem\",\"position\":1,\"name\":\"Home\",\"item\":\"https:\\\/\\\/eshop.ekoteplo.sk\\\/cs\\\/\"},{\"@type\":\"ListItem\",\"position\":2,\"name\":\"Reklama\u010dn\u00ed \u0159\u00e1d\"}]},{\"@type\":\"WebSite\",\"@id\":\"https:\\\/\\\/eshop.ekoteplo.sk\\\/cs\\\/#website\",\"url\":\"https:\\\/\\\/eshop.ekoteplo.sk\\\/cs\\\/\",\"name\":\"Eshop Ekoteplo\",\"description\":\"Teplo, ktor\u00e9 \u0161etr\u00ed \u017eivotn\u00e9 prostredie aj va\u0161u pe\u0148a\u017eenku\",\"potentialAction\":[{\"@type\":\"SearchAction\",\"target\":{\"@type\":\"EntryPoint\",\"urlTemplate\":\"https:\\\/\\\/eshop.ekoteplo.sk\\\/cs\\\/?s={search_term_string}\"},\"query-input\":{\"@type\":\"PropertyValueSpecification\",\"valueRequired\":true,\"valueName\":\"search_term_string\"}}],\"inLanguage\":\"cs\"}]}<\/script>\n<!-- \/ Yoast SEO plugin. -->","yoast_head_json":{"title":"Reklama\u010dn\u00ed \u0159\u00e1d - Eshop Ekoteplo","robots":{"index":"index","follow":"follow","max-snippet":"max-snippet:-1","max-image-preview":"max-image-preview:large","max-video-preview":"max-video-preview:-1"},"canonical":"https:\/\/eshop.ekoteplo.sk\/cs\/reklamacni-rad\/","og_locale":"cs_CZ","og_type":"article","og_title":"Reklama\u010dn\u00ed \u0159\u00e1d - Eshop Ekoteplo","og_url":"https:\/\/eshop.ekoteplo.sk\/cs\/reklamacni-rad\/","og_site_name":"Eshop Ekoteplo","article_modified_time":"2023-11-14T13:18:50+00:00","twitter_card":"summary_large_image","twitter_misc":{"Odhadovan\u00e1 doba \u010dten\u00ed":"7 minut"},"schema":{"@context":"https:\/\/schema.org","@graph":[{"@type":"WebPage","@id":"https:\/\/eshop.ekoteplo.sk\/cs\/reklamacni-rad\/","url":"https:\/\/eshop.ekoteplo.sk\/cs\/reklamacni-rad\/","name":"Reklama\u010dn\u00ed \u0159\u00e1d - Eshop Ekoteplo","isPartOf":{"@id":"https:\/\/eshop.ekoteplo.sk\/cs\/#website"},"datePublished":"2018-04-22T07:48:14+00:00","dateModified":"2023-11-14T13:18:50+00:00","breadcrumb":{"@id":"https:\/\/eshop.ekoteplo.sk\/cs\/reklamacni-rad\/#breadcrumb"},"inLanguage":"cs","potentialAction":[{"@type":"ReadAction","target":["https:\/\/eshop.ekoteplo.sk\/cs\/reklamacni-rad\/"]}]},{"@type":"BreadcrumbList","@id":"https:\/\/eshop.ekoteplo.sk\/cs\/reklamacni-rad\/#breadcrumb","itemListElement":[{"@type":"ListItem","position":1,"name":"Home","item":"https:\/\/eshop.ekoteplo.sk\/cs\/"},{"@type":"ListItem","position":2,"name":"Reklama\u010dn\u00ed \u0159\u00e1d"}]},{"@type":"WebSite","@id":"https:\/\/eshop.ekoteplo.sk\/cs\/#website","url":"https:\/\/eshop.ekoteplo.sk\/cs\/","name":"Eshop Ekoteplo","description":"Teplo, ktor\u00e9 \u0161etr\u00ed \u017eivotn\u00e9 prostredie aj va\u0161u pe\u0148a\u017eenku","potentialAction":[{"@type":"SearchAction","target":{"@type":"EntryPoint","urlTemplate":"https:\/\/eshop.ekoteplo.sk\/cs\/?s={search_term_string}"},"query-input":{"@type":"PropertyValueSpecification","valueRequired":true,"valueName":"search_term_string"}}],"inLanguage":"cs"}]}},"_links":{"self":[{"href":"https:\/\/eshop.ekoteplo.sk\/cs\/wp-json\/wp\/v2\/pages\/2382","targetHints":{"allow":["GET"]}}],"collection":[{"href":"https:\/\/eshop.ekoteplo.sk\/cs\/wp-json\/wp\/v2\/pages"}],"about":[{"href":"https:\/\/eshop.ekoteplo.sk\/cs\/wp-json\/wp\/v2\/types\/page"}],"author":[{"embeddable":true,"href":"https:\/\/eshop.ekoteplo.sk\/cs\/wp-json\/wp\/v2\/users\/1"}],"replies":[{"embeddable":true,"href":"https:\/\/eshop.ekoteplo.sk\/cs\/wp-json\/wp\/v2\/comments?post=2382"}],"version-history":[{"count":0,"href":"https:\/\/eshop.ekoteplo.sk\/cs\/wp-json\/wp\/v2\/pages\/2382\/revisions"}],"wp:attachment":[{"href":"https:\/\/eshop.ekoteplo.sk\/cs\/wp-json\/wp\/v2\/media?parent=2382"}],"curies":[{"name":"wp","href":"https:\/\/api.w.org\/{rel}","templated":true}]}}