{"id":2526,"date":"2023-09-28T10:49:24","date_gmt":"2023-09-28T08:49:24","guid":{"rendered":"https:\/\/eshop.ekoteplo.sk\/produkt\/200s2\/"},"modified":"2023-12-13T13:02:44","modified_gmt":"2023-12-13T12:02:44","slug":"200s2","status":"publish","type":"product","link":"https:\/\/eshop.ekoteplo.sk\/cs\/produkt\/200s2\/","title":{"rendered":"Vnit\u0159n\u00ed jednotka s integrovan\u00fdm z\u00e1sobn\u00edkem tepl\u00e9 vody 200S2"},"content":{"rendered":"<div class=\"row\"  id=\"row-1855334808\">\n\n\n\t<div id=\"col-1908839953\" class=\"col small-12 large-12\"  >\n\t\t\t\t<div class=\"col-inner\"  >\n\t\t\t\n\t\t\t\n\n<div class=\"row align-middle align-center\"  id=\"row-1247053807\">\n\n\n\t<div id=\"col-1738601901\" class=\"col small-12 large-12\"  >\n\t\t\t\t<div class=\"col-inner text-center\"  >\n\t\t\t\n\t\t\t\n\n<h2>Predstavujeme Va\u0301m kotol\u030cn\u030cu Izzifast, ktor\u00e1 V\u00e1m \u0161etr\u00ed priestor vo Va\u0161om dome.<\/h2>\n<div class=\"video video-fit mb\" style=\"padding-top:50%;\"><p><iframe loading=\"lazy\" title=\"Predstavujeme Va\u0301m kotol\u030cn\u030cu Izzifast,  ktor\u00e1 V\u00e1m \u0161etr\u00ed priestor vo Va\u0161om dome.\" width=\"1020\" height=\"574\" src=\"https:\/\/www.youtube.com\/embed\/g98QvRMp8i4?feature=oembed\" frameborder=\"0\" allow=\"accelerometer; autoplay; clipboard-write; encrypted-media; gyroscope; picture-in-picture; web-share\" allowfullscreen><\/iframe><\/p>\n<\/div>\n\n\n\t\t<\/div>\n\t\t\t\t\n<style>\n#col-1738601901 > .col-inner {\n  margin: 0px 0px 0px 0px;\n}\n@media (min-width:550px) {\n  #col-1738601901 > .col-inner {\n    margin: 20px 0px 0px 0px;\n  }\n}\n<\/style>\n\t<\/div>\n\n\t\n\n\n<style>\n#row-1247053807 > .col > .col-inner {\n  padding: 0px 10px 0px 10px;\n}\n@media (min-width:550px) {\n  #row-1247053807 > .col > .col-inner {\n    padding: 0px 10px 0px 10px;\n  }\n}\n@media (min-width:850px) {\n  #row-1247053807 > .col > .col-inner {\n    padding: 0px 0px 0px 0px;\n  }\n}\n<\/style>\n<\/div>\n<p>Hydraulick\u00e1 sk\u0159\u00ed\u0148 iZZiFAST je inovativn\u00ed v\u00fdrobek, kter\u00fd pracuje s monoblokov\u00fdmi tepeln\u00fdmi \u010derpadly vzduch-voda. Kompaktn\u00ed konstrukce za\u0159\u00edzen\u00ed umo\u017e\u0148uje um\u00edstit t\u00e9m\u011b\u0159 celou kotelnu do uzav\u0159en\u00e9ho prostoru o objemu men\u0161\u00edm ne\u017e <sup>1 m3<\/sup>. Vnit\u0159n\u00ed jednotka iZZiFAST je ur\u010dena pro 2 topn\u00e9 okruhy.  <\/p>\n<p>V\u00fdhody hydraulick\u00e9 sk\u0159\u00edn\u011b iZZiFAST jsou:<\/p>\n<ul>\n<li>Rychl\u00e1 a snadn\u00e1 instalace pln\u011b vybaven\u00e9 membr\u00e1nov\u00e9 n\u00e1doby, pot\u0159ebn\u00fdch ventil\u016f, tlakom\u011br\u016f atd.<\/li>\n<li>Zcela bez\u00fadr\u017ebov\u00e9 (anody nen\u00ed t\u0159eba vym\u011b\u0148ovat).<\/li>\n<li>Nejmen\u0161\u00ed rozm\u011bry na trhu - \u0161\u00ed\u0159ka 60 cm x hloubka 60 cm<\/li>\n<li>Snadn\u00e1 p\u0159eprava a n\u00edzk\u00e1 hmotnost<\/li>\n<\/ul>\n\n\t\t<\/div>\n\t\t\t\t\t<\/div>\n\n\t\n\n\n<style>\n#row-1855334808 > .col > .col-inner {\n  padding: 50px 0px 30px 0px;\n}\n<\/style>\n<\/div>\n","protected":false},"excerpt":{"rendered":"<p>Vnit\u0159n\u00ed jednotka m\u00e1 190litrov\u00fd nerezov\u00fd z\u00e1sobn\u00edk s c\u00edvkou v z\u00e1sobn\u00edku tepl\u00e9 vody. Vnit\u0159n\u00ed jednotka je vybavena hydraulick\u00fdmi a regula\u010dn\u00edmi ventily nezbytn\u00fdmi pro spr\u00e1vn\u00fd a bezpe\u010dn\u00fd provoz za\u0159\u00edzen\u00ed \u00fast\u0159edn\u00edho vyt\u00e1p\u011bn\u00ed (CO) a tepl\u00e9 vody (TUV) v budov\u011b. <\/p>\n<ul>\n<li>V\u00fd\u0161ka: 188 cm<\/li>\n<li>\u0160\u00ed\u0159ka: 60 cm<\/li>\n<li>Hloubka: 60 cm<\/li>\n<li>Objem n\u00e1dr\u017ee na vodu: 190 l<\/li>\n<\/ul>\n","protected":false},"featured_media":1939,"comment_status":"open","ping_status":"closed","template":"","meta":{"_acf_changed":false},"product_brand":[],"product_cat":[90],"product_tag":[],"class_list":{"0":"post-2526","1":"product","2":"type-product","3":"status-publish","4":"has-post-thumbnail","6":"product_cat-hydraulicke-skrine-cs","8":"first","9":"instock","10":"taxable","11":"shipping-taxable","12":"product-type-simple"},"acf":[],"yoast_head":"<!-- This site is optimized with the Yoast SEO plugin v27.3 - https:\/\/yoast.com\/product\/yoast-seo-wordpress\/ -->\n<title>Vnit\u0159n\u00ed jednotka s integrovan\u00fdm z\u00e1sobn\u00edkem tepl\u00e9 vody 200S2 - Eshop Ekoteplo<\/title>\n<meta name=\"robots\" content=\"index, follow, max-snippet:-1, max-image-preview:large, max-video-preview:-1\" \/>\n<link rel=\"canonical\" href=\"https:\/\/eshop.ekoteplo.sk\/cs\/produkt\/200s2\/\" \/>\n<meta property=\"og:locale\" content=\"cs_CZ\" \/>\n<meta property=\"og:type\" content=\"article\" \/>\n<meta property=\"og:title\" content=\"Vnit\u0159n\u00ed jednotka s integrovan\u00fdm z\u00e1sobn\u00edkem tepl\u00e9 vody 200S2 - Eshop Ekoteplo\" \/>\n<meta property=\"og:description\" content=\"Vnit\u0159n\u00ed jednotka m\u00e1 190litrov\u00fd nerezov\u00fd z\u00e1sobn\u00edk s c\u00edvkou v z\u00e1sobn\u00edku tepl\u00e9 vody. Vnit\u0159n\u00ed jednotka je vybavena hydraulick\u00fdmi a regula\u010dn\u00edmi ventily nezbytn\u00fdmi pro spr\u00e1vn\u00fd a bezpe\u010dn\u00fd provoz za\u0159\u00edzen\u00ed \u00fast\u0159edn\u00edho vyt\u00e1p\u011bn\u00ed (CO) a tepl\u00e9 vody (TUV) v budov\u011b.    V\u00fd\u0161ka: 188 cm  \u0160\u00ed\u0159ka: 60 cm  Hloubka: 60 cm  Objem n\u00e1dr\u017ee na vodu: 190 l\" \/>\n<meta property=\"og:url\" content=\"https:\/\/eshop.ekoteplo.sk\/cs\/produkt\/200s2\/\" \/>\n<meta property=\"og:site_name\" content=\"Eshop Ekoteplo\" \/>\n<meta property=\"article:modified_time\" content=\"2023-12-13T12:02:44+00:00\" \/>\n<meta property=\"og:image\" content=\"https:\/\/eshop.ekoteplo.sk\/wp-content\/uploads\/200s-200s2-2.jpg\" \/>\n\t<meta property=\"og:image:width\" content=\"800\" \/>\n\t<meta property=\"og:image:height\" content=\"800\" \/>\n\t<meta property=\"og:image:type\" content=\"image\/jpeg\" \/>\n<meta name=\"twitter:card\" content=\"summary_large_image\" \/>\n<script type=\"application\/ld+json\" class=\"yoast-schema-graph\">{\"@context\":\"https:\\\/\\\/schema.org\",\"@graph\":[{\"@type\":\"WebPage\",\"@id\":\"https:\\\/\\\/eshop.ekoteplo.sk\\\/cs\\\/produkt\\\/200s2\\\/\",\"url\":\"https:\\\/\\\/eshop.ekoteplo.sk\\\/cs\\\/produkt\\\/200s2\\\/\",\"name\":\"Vnit\u0159n\u00ed jednotka s integrovan\u00fdm z\u00e1sobn\u00edkem tepl\u00e9 vody 200S2 - Eshop Ekoteplo\",\"isPartOf\":{\"@id\":\"https:\\\/\\\/eshop.ekoteplo.sk\\\/cs\\\/#website\"},\"primaryImageOfPage\":{\"@id\":\"https:\\\/\\\/eshop.ekoteplo.sk\\\/cs\\\/produkt\\\/200s2\\\/#primaryimage\"},\"image\":{\"@id\":\"https:\\\/\\\/eshop.ekoteplo.sk\\\/cs\\\/produkt\\\/200s2\\\/#primaryimage\"},\"thumbnailUrl\":\"https:\\\/\\\/eshop.ekoteplo.sk\\\/wp-content\\\/uploads\\\/200s-200s2-2.jpg\",\"datePublished\":\"2023-09-28T08:49:24+00:00\",\"dateModified\":\"2023-12-13T12:02:44+00:00\",\"breadcrumb\":{\"@id\":\"https:\\\/\\\/eshop.ekoteplo.sk\\\/cs\\\/produkt\\\/200s2\\\/#breadcrumb\"},\"inLanguage\":\"cs\",\"potentialAction\":[{\"@type\":\"ReadAction\",\"target\":[\"https:\\\/\\\/eshop.ekoteplo.sk\\\/cs\\\/produkt\\\/200s2\\\/\"]}]},{\"@type\":\"ImageObject\",\"inLanguage\":\"cs\",\"@id\":\"https:\\\/\\\/eshop.ekoteplo.sk\\\/cs\\\/produkt\\\/200s2\\\/#primaryimage\",\"url\":\"https:\\\/\\\/eshop.ekoteplo.sk\\\/wp-content\\\/uploads\\\/200s-200s2-2.jpg\",\"contentUrl\":\"https:\\\/\\\/eshop.ekoteplo.sk\\\/wp-content\\\/uploads\\\/200s-200s2-2.jpg\",\"width\":800,\"height\":800},{\"@type\":\"BreadcrumbList\",\"@id\":\"https:\\\/\\\/eshop.ekoteplo.sk\\\/cs\\\/produkt\\\/200s2\\\/#breadcrumb\",\"itemListElement\":[{\"@type\":\"ListItem\",\"position\":1,\"name\":\"Home\",\"item\":\"https:\\\/\\\/eshop.ekoteplo.sk\\\/cs\\\/\"},{\"@type\":\"ListItem\",\"position\":2,\"name\":\"Shop\",\"item\":\"https:\\\/\\\/eshop.ekoteplo.sk\\\/cs\\\/shop\\\/\"},{\"@type\":\"ListItem\",\"position\":3,\"name\":\"Vnit\u0159n\u00ed jednotka s integrovan\u00fdm z\u00e1sobn\u00edkem tepl\u00e9 vody 200S2\"}]},{\"@type\":\"WebSite\",\"@id\":\"https:\\\/\\\/eshop.ekoteplo.sk\\\/cs\\\/#website\",\"url\":\"https:\\\/\\\/eshop.ekoteplo.sk\\\/cs\\\/\",\"name\":\"Eshop Ekoteplo\",\"description\":\"Teplo, ktor\u00e9 \u0161etr\u00ed \u017eivotn\u00e9 prostredie aj va\u0161u pe\u0148a\u017eenku\",\"potentialAction\":[{\"@type\":\"SearchAction\",\"target\":{\"@type\":\"EntryPoint\",\"urlTemplate\":\"https:\\\/\\\/eshop.ekoteplo.sk\\\/cs\\\/?s={search_term_string}\"},\"query-input\":{\"@type\":\"PropertyValueSpecification\",\"valueRequired\":true,\"valueName\":\"search_term_string\"}}],\"inLanguage\":\"cs\"}]}<\/script>\n<!-- \/ Yoast SEO plugin. -->","yoast_head_json":{"title":"Vnit\u0159n\u00ed jednotka s integrovan\u00fdm z\u00e1sobn\u00edkem tepl\u00e9 vody 200S2 - Eshop Ekoteplo","robots":{"index":"index","follow":"follow","max-snippet":"max-snippet:-1","max-image-preview":"max-image-preview:large","max-video-preview":"max-video-preview:-1"},"canonical":"https:\/\/eshop.ekoteplo.sk\/cs\/produkt\/200s2\/","og_locale":"cs_CZ","og_type":"article","og_title":"Vnit\u0159n\u00ed jednotka s integrovan\u00fdm z\u00e1sobn\u00edkem tepl\u00e9 vody 200S2 - Eshop Ekoteplo","og_description":"Vnit\u0159n\u00ed jednotka m\u00e1 190litrov\u00fd nerezov\u00fd z\u00e1sobn\u00edk s c\u00edvkou v z\u00e1sobn\u00edku tepl\u00e9 vody. Vnit\u0159n\u00ed jednotka je vybavena hydraulick\u00fdmi a regula\u010dn\u00edmi ventily nezbytn\u00fdmi pro spr\u00e1vn\u00fd a bezpe\u010dn\u00fd provoz za\u0159\u00edzen\u00ed \u00fast\u0159edn\u00edho vyt\u00e1p\u011bn\u00ed (CO) a tepl\u00e9 vody (TUV) v budov\u011b.    V\u00fd\u0161ka: 188 cm  \u0160\u00ed\u0159ka: 60 cm  Hloubka: 60 cm  Objem n\u00e1dr\u017ee na vodu: 190 l","og_url":"https:\/\/eshop.ekoteplo.sk\/cs\/produkt\/200s2\/","og_site_name":"Eshop Ekoteplo","article_modified_time":"2023-12-13T12:02:44+00:00","og_image":[{"width":800,"height":800,"url":"https:\/\/eshop.ekoteplo.sk\/wp-content\/uploads\/200s-200s2-2.jpg","type":"image\/jpeg"}],"twitter_card":"summary_large_image","schema":{"@context":"https:\/\/schema.org","@graph":[{"@type":"WebPage","@id":"https:\/\/eshop.ekoteplo.sk\/cs\/produkt\/200s2\/","url":"https:\/\/eshop.ekoteplo.sk\/cs\/produkt\/200s2\/","name":"Vnit\u0159n\u00ed jednotka s integrovan\u00fdm z\u00e1sobn\u00edkem tepl\u00e9 vody 200S2 - Eshop Ekoteplo","isPartOf":{"@id":"https:\/\/eshop.ekoteplo.sk\/cs\/#website"},"primaryImageOfPage":{"@id":"https:\/\/eshop.ekoteplo.sk\/cs\/produkt\/200s2\/#primaryimage"},"image":{"@id":"https:\/\/eshop.ekoteplo.sk\/cs\/produkt\/200s2\/#primaryimage"},"thumbnailUrl":"https:\/\/eshop.ekoteplo.sk\/wp-content\/uploads\/200s-200s2-2.jpg","datePublished":"2023-09-28T08:49:24+00:00","dateModified":"2023-12-13T12:02:44+00:00","breadcrumb":{"@id":"https:\/\/eshop.ekoteplo.sk\/cs\/produkt\/200s2\/#breadcrumb"},"inLanguage":"cs","potentialAction":[{"@type":"ReadAction","target":["https:\/\/eshop.ekoteplo.sk\/cs\/produkt\/200s2\/"]}]},{"@type":"ImageObject","inLanguage":"cs","@id":"https:\/\/eshop.ekoteplo.sk\/cs\/produkt\/200s2\/#primaryimage","url":"https:\/\/eshop.ekoteplo.sk\/wp-content\/uploads\/200s-200s2-2.jpg","contentUrl":"https:\/\/eshop.ekoteplo.sk\/wp-content\/uploads\/200s-200s2-2.jpg","width":800,"height":800},{"@type":"BreadcrumbList","@id":"https:\/\/eshop.ekoteplo.sk\/cs\/produkt\/200s2\/#breadcrumb","itemListElement":[{"@type":"ListItem","position":1,"name":"Home","item":"https:\/\/eshop.ekoteplo.sk\/cs\/"},{"@type":"ListItem","position":2,"name":"Shop","item":"https:\/\/eshop.ekoteplo.sk\/cs\/shop\/"},{"@type":"ListItem","position":3,"name":"Vnit\u0159n\u00ed jednotka s integrovan\u00fdm z\u00e1sobn\u00edkem tepl\u00e9 vody 200S2"}]},{"@type":"WebSite","@id":"https:\/\/eshop.ekoteplo.sk\/cs\/#website","url":"https:\/\/eshop.ekoteplo.sk\/cs\/","name":"Eshop Ekoteplo","description":"Teplo, ktor\u00e9 \u0161etr\u00ed \u017eivotn\u00e9 prostredie aj va\u0161u pe\u0148a\u017eenku","potentialAction":[{"@type":"SearchAction","target":{"@type":"EntryPoint","urlTemplate":"https:\/\/eshop.ekoteplo.sk\/cs\/?s={search_term_string}"},"query-input":{"@type":"PropertyValueSpecification","valueRequired":true,"valueName":"search_term_string"}}],"inLanguage":"cs"}]}},"_links":{"self":[{"href":"https:\/\/eshop.ekoteplo.sk\/cs\/wp-json\/wp\/v2\/product\/2526","targetHints":{"allow":["GET"]}}],"collection":[{"href":"https:\/\/eshop.ekoteplo.sk\/cs\/wp-json\/wp\/v2\/product"}],"about":[{"href":"https:\/\/eshop.ekoteplo.sk\/cs\/wp-json\/wp\/v2\/types\/product"}],"replies":[{"embeddable":true,"href":"https:\/\/eshop.ekoteplo.sk\/cs\/wp-json\/wp\/v2\/comments?post=2526"}],"wp:featuredmedia":[{"embeddable":true,"href":"https:\/\/eshop.ekoteplo.sk\/cs\/wp-json\/wp\/v2\/media\/1939"}],"wp:attachment":[{"href":"https:\/\/eshop.ekoteplo.sk\/cs\/wp-json\/wp\/v2\/media?parent=2526"}],"wp:term":[{"taxonomy":"product_brand","embeddable":true,"href":"https:\/\/eshop.ekoteplo.sk\/cs\/wp-json\/wp\/v2\/product_brand?post=2526"},{"taxonomy":"product_cat","embeddable":true,"href":"https:\/\/eshop.ekoteplo.sk\/cs\/wp-json\/wp\/v2\/product_cat?post=2526"},{"taxonomy":"product_tag","embeddable":true,"href":"https:\/\/eshop.ekoteplo.sk\/cs\/wp-json\/wp\/v2\/product_tag?post=2526"}],"curies":[{"name":"wp","href":"https:\/\/api.w.org\/{rel}","templated":true}]}}